{"id":31,"date":"2010-08-15T19:03:46","date_gmt":"2010-08-15T19:03:46","guid":{"rendered":"http:\/\/demo.studiopress.com\/genesis"},"modified":"2025-06-06T17:09:29","modified_gmt":"2025-06-06T17:09:29","slug":"projets-a-venir","status":"publish","type":"page","link":"https:\/\/www.jeanmedia.com\/fr\/projets-a-venir\/","title":{"rendered":"Projets \u00e0 venir"},"content":{"rendered":"\n<p>Nous nous effor\u00e7ons d&rsquo;innover et nous choisissons des projets et objectifs concernant des sujets qui nous passionnent. Notre prochain projet concerne le domaine de l&rsquo;immobilier, et plus pr\u00e9cis\u00e9ment le soutien aux propri\u00e9taires avec des services web et des informations sur mesure. Nous travaillons actuellement \u00e0 la r\u00e9alisation de notre premier projet en ligne dans ce domaine.<\/p>\n","protected":false},"excerpt":{"rendered":"<p>Nous nous effor\u00e7ons d&rsquo;innover et nous choisissons des projets et objectifs concernant des sujets qui nous passionnent. Notre prochain projet concerne le domaine de l&rsquo;immobilier, et plus pr\u00e9cis\u00e9ment le soutien aux propri\u00e9taires avec des services web et des informations sur mesure. Nous travaillons actuellement \u00e0 la r\u00e9alisation de notre premier projet en ligne dans ce [&hellip;]<\/p>\n","protected":false},"author":1,"featured_media":0,"parent":0,"menu_order":0,"comment_status":"open","ping_status":"closed","template":"","meta":{"_genesis_hide_title":false,"_genesis_hide_breadcrumbs":false,"_genesis_hide_singular_image":false,"_genesis_hide_footer_widgets":false,"_genesis_custom_body_class":"","_genesis_custom_post_class":"","_genesis_layout":"","footnotes":""},"class_list":{"0":"post-31","1":"page","2":"type-page","3":"status-publish","5":"entry"},"_links":{"self":[{"href":"https:\/\/www.jeanmedia.com\/fr\/wp-json\/wp\/v2\/pages\/31","targetHints":{"allow":["GET"]}}],"collection":[{"href":"https:\/\/www.jeanmedia.com\/fr\/wp-json\/wp\/v2\/pages"}],"about":[{"href":"https:\/\/www.jeanmedia.com\/fr\/wp-json\/wp\/v2\/types\/page"}],"author":[{"embeddable":true,"href":"https:\/\/www.jeanmedia.com\/fr\/wp-json\/wp\/v2\/users\/1"}],"replies":[{"embeddable":true,"href":"https:\/\/www.jeanmedia.com\/fr\/wp-json\/wp\/v2\/comments?post=31"}],"version-history":[{"count":3,"href":"https:\/\/www.jeanmedia.com\/fr\/wp-json\/wp\/v2\/pages\/31\/revisions"}],"predecessor-version":[{"id":665,"href":"https:\/\/www.jeanmedia.com\/fr\/wp-json\/wp\/v2\/pages\/31\/revisions\/665"}],"wp:attachment":[{"href":"https:\/\/www.jeanmedia.com\/fr\/wp-json\/wp\/v2\/media?parent=31"}],"curies":[{"name":"wp","href":"https:\/\/api.w.org\/{rel}","templated":true}]}}