{"id":181,"date":"2011-02-03T18:06:59","date_gmt":"2011-02-03T18:06:59","guid":{"rendered":"http:\/\/demo.studiopress.com\/genesis\/?page_id=181"},"modified":"2025-06-06T17:06:55","modified_gmt":"2025-06-06T17:06:55","slug":"projets","status":"publish","type":"page","link":"https:\/\/www.jeanmedia.com\/fr\/projets\/","title":{"rendered":"Projets"},"content":{"rendered":"\n<p>Lorsque nous travaillons sur nos sites Internet ou aidons nos partenaires \u00e0 construire les leur, nous avons toujours comme mission d&rsquo;am\u00e9liorer le Web en fournissant des produits et services performants ainsi que des sites utiles dans des niches choisies. Aujourd&rsquo;hui, nous sommes connus pour nos services de pointe en mati\u00e8re de vid\u00e9o et de calcul d&rsquo;IA, ainsi que pour notre r\u00e9seau de sites web riches en informations.<\/p>\n","protected":false},"excerpt":{"rendered":"<p>Lorsque nous travaillons sur nos sites Internet ou aidons nos partenaires \u00e0 construire les leur, nous avons toujours comme mission d&rsquo;am\u00e9liorer le Web en fournissant des produits et services performants ainsi que des sites utiles dans des niches choisies. Aujourd&rsquo;hui, nous sommes connus pour nos services de pointe en mati\u00e8re de vid\u00e9o et de calcul [&hellip;]<\/p>\n","protected":false},"author":1,"featured_media":0,"parent":0,"menu_order":0,"comment_status":"open","ping_status":"closed","template":"","meta":{"_genesis_hide_title":false,"_genesis_hide_breadcrumbs":false,"_genesis_hide_singular_image":false,"_genesis_hide_footer_widgets":false,"_genesis_custom_body_class":"","_genesis_custom_post_class":"","_genesis_layout":"full-width-content","footnotes":""},"class_list":{"0":"post-181","1":"page","2":"type-page","3":"status-publish","5":"entry"},"_links":{"self":[{"href":"https:\/\/www.jeanmedia.com\/fr\/wp-json\/wp\/v2\/pages\/181","targetHints":{"allow":["GET"]}}],"collection":[{"href":"https:\/\/www.jeanmedia.com\/fr\/wp-json\/wp\/v2\/pages"}],"about":[{"href":"https:\/\/www.jeanmedia.com\/fr\/wp-json\/wp\/v2\/types\/page"}],"author":[{"embeddable":true,"href":"https:\/\/www.jeanmedia.com\/fr\/wp-json\/wp\/v2\/users\/1"}],"replies":[{"embeddable":true,"href":"https:\/\/www.jeanmedia.com\/fr\/wp-json\/wp\/v2\/comments?post=181"}],"version-history":[{"count":2,"href":"https:\/\/www.jeanmedia.com\/fr\/wp-json\/wp\/v2\/pages\/181\/revisions"}],"predecessor-version":[{"id":664,"href":"https:\/\/www.jeanmedia.com\/fr\/wp-json\/wp\/v2\/pages\/181\/revisions\/664"}],"wp:attachment":[{"href":"https:\/\/www.jeanmedia.com\/fr\/wp-json\/wp\/v2\/media?parent=181"}],"curies":[{"name":"wp","href":"https:\/\/api.w.org\/{rel}","templated":true}]}}